{"id":21,"date":"2015-03-25T12:50:49","date_gmt":"2015-03-25T10:50:49","guid":{"rendered":"http:\/\/www.trento.fi\/?page_id=21"},"modified":"2020-02-06T14:12:48","modified_gmt":"2020-02-06T12:12:48","slug":"ohjaajakoulutus","status":"publish","type":"page","link":"https:\/\/www.trefinland.fi\/?page_id=21","title":{"rendered":"TRE-ohjaajakoulutus"},"content":{"rendered":"<p style=\"text-align: justify;\">Sertifioiduille TRE-ohjaajille on tarvetta ja siksi haluamme kouluttaa uusia TRE-ohjaajia. Sertifiointiin johtava TRE-ohjaajakoulutus valmistaa TRE-ohjaajaa viem\u00e4\u00e4n turvallisesti l\u00e4pi yksil\u00f6n ja ryhm\u00e4n TRE-prosessin. TRE-ohjaajakoulutuksen aikana hankitaan ja syvennet\u00e4\u00e4n ymm\u00e4rryst\u00e4 TRE:n l\u00e4ht\u00f6kohdista, interventioista ja teoreettisesta viitekehyksest\u00e4 sis\u00e4lt\u00e4en TRE-ohjaajan ty\u00f6ss\u00e4 tarvittavat eettiset, tekniset ja fyysiset valmiudet. Tulevan ohjaajan itsehavainnointi- ja itses\u00e4\u00e4telykyky syvenee sille tasolle, joka mahdollistaa tuloksellisen ja turvallisen ty\u00f6skentelyn yksil\u00f6n ja ryhm\u00e4n kanssa. Kurssin painopiste on kokemuksellisuudessa ja kehoty\u00f6skentelyss\u00e4 \u2013 kehotietoisuus, l\u00e4sn\u00e4olo nykyhetkess\u00e4, vuorovaikutus.<\/p>\n<p>&nbsp;<\/p>\n<p>TRE-ohjaajakoulutuksen sis\u00e4lt\u00f6\u00f6n voit tutustua <strong><a href=\"http:\/\/www.trento.fi\/wp-content\/uploads\/2020\/01\/TRE-ohjaajakoulutus-info_2020.pdf\" target=\"_blank\" rel=\"noopener noreferrer\">T\u00c4ST\u00c4<\/a><\/strong><\/p>\n<p>&nbsp;<\/p>\n<p style=\"text-align: justify;\">Suomen vastaavana TRE-ohjaajakouluttajana toimii TRE\u00ae Certification Trainer, DI, Jyrki Rytil\u00e4. Toisena TRE-ohjaajakouluttajana toimii TRE\u00ae Certification Trainer, tanssitaiteen tohtori, hahmoterapeutti Kirsi T\u00f6rmi.<\/p>\n<p>&nbsp;<\/p>\n<p style=\"text-align: justify;\">Sertifiointiin johtava TRE-ohjaajakoulutus sis\u00e4lt\u00e4\u00e4 valmiuksien hankkimisen sek\u00e4 yksil\u00f6- ett\u00e4 ryhm\u00e4ohjaukseen. Koulutus sis\u00e4lt\u00e4\u00e4 kaksi kolmen p\u00e4iv\u00e4n koulutusjaksoa: moduulit 1 ja 2 ja yhteens\u00e4 v\u00e4hint\u00e4\u00e4n kahdeksan harjoittelup\u00e4iv\u00e4\u00e4. Koulutus toteutetaan ryhm\u00e4muotoisena. Uusi koulutus korvaa aikaisemman TRE taso 1 ja 2 -koulutuksen sis\u00e4lt\u00e4en ne molemmat. Siin\u00e4 tapauksessa ett\u00e4 olet jo sertifioitunut TRE taso 1 -ohjaajaksi, suoritat vain modulin 2 ja nelj\u00e4 p\u00e4iv\u00e4\u00e4 harjoittelua.<\/p>\n<p>&nbsp;<\/p>\n<p style=\"text-align: justify;\">TRE-kouluttajakoulutukseen (TRE\u00ae Certification Trainer Program), joka valmistaa kouluttamaan uusia TRE-ohjaajia, p\u00e4\u00e4see vain ja ainoastaan kutsun kautta.<\/p>\n<p>&nbsp;<\/p>\n<p style=\"text-align: justify;\">Kun olet sertifioitu TRE-ohjaaja voit osallistua jatkokoulutusseminaareihin (Advance Practice workshops). Sinulla on my\u00f6s p\u00e4\u00e4sy ohjaajille tarkoitettuun tietokantaan, jossa on traumaan liittyvi\u00e4 artikkeleita ja muuta informaatiota TRE:st\u00e4.<\/p>\n<p>&nbsp;<\/p>\n<p style=\"text-align: justify;\">Koulutukseen kuuluu aktiivinen osallistuminen koulutus- ja harjoitusp\u00e4iviin, kurssikirjallisuuden lukeminen, kahden esseen kirjoittaminen, harjoitusp\u00e4iv\u00e4kirjan pit\u00e4minen ja yhteenvedon kirjoittaminen harjoitusp\u00e4iv\u00e4kirjasta.<\/p>\n<p>&nbsp;<\/p>\n<p style=\"text-align: justify;\">Informaatio koulutus- ja harjoitusp\u00e4ivist\u00e4, koulutuspaikoista ja hinnoista on altis muutoksille.<\/p>\n<p>&nbsp;<\/p>\n","protected":false},"excerpt":{"rendered":"<p>Sertifioiduille TRE-ohjaajille on tarvetta ja siksi haluamme kouluttaa uusia TRE-ohjaajia. Sertifiointiin johtava TRE-ohjaajakoulutus valmistaa TRE-ohjaajaa viem\u00e4\u00e4n turvallisesti l\u00e4pi yksil\u00f6n ja ryhm\u00e4n TRE-prosessin. TRE-ohjaajakoulutuksen aikana hankitaan ja syvennet\u00e4\u00e4n ymm\u00e4rryst\u00e4 TRE:n l\u00e4ht\u00f6kohdista, interventioista ja teoreettisesta viitekehyksest\u00e4 sis\u00e4lt\u00e4en TRE-ohjaajan ty\u00f6ss\u00e4 tarvittavat eettiset, tekniset ja fyysiset valmiudet. Tulevan ohjaajan&#8230;<\/p>\n","protected":false},"author":1,"featured_media":0,"parent":19,"menu_order":0,"comment_status":"closed","ping_status":"closed","template":"","meta":{"footnotes":""},"class_list":["post-21","page","type-page","status-publish","hentry"],"_links":{"self":[{"href":"https:\/\/www.trefinland.fi\/index.php?rest_route=\/wp\/v2\/pages\/21","targetHints":{"allow":["GET"]}}],"collection":[{"href":"https:\/\/www.trefinland.fi\/index.php?rest_route=\/wp\/v2\/pages"}],"about":[{"href":"https:\/\/www.trefinland.fi\/index.php?rest_route=\/wp\/v2\/types\/page"}],"author":[{"embeddable":true,"href":"https:\/\/www.trefinland.fi\/index.php?rest_route=\/wp\/v2\/users\/1"}],"replies":[{"embeddable":true,"href":"https:\/\/www.trefinland.fi\/index.php?rest_route=%2Fwp%2Fv2%2Fcomments&post=21"}],"version-history":[{"count":32,"href":"https:\/\/www.trefinland.fi\/index.php?rest_route=\/wp\/v2\/pages\/21\/revisions"}],"predecessor-version":[{"id":18196,"href":"https:\/\/www.trefinland.fi\/index.php?rest_route=\/wp\/v2\/pages\/21\/revisions\/18196"}],"up":[{"embeddable":true,"href":"https:\/\/www.trefinland.fi\/index.php?rest_route=\/wp\/v2\/pages\/19"}],"wp:attachment":[{"href":"https:\/\/www.trefinland.fi\/index.php?rest_route=%2Fwp%2Fv2%2Fmedia&parent=21"}],"curies":[{"name":"wp","href":"https:\/\/api.w.org\/{rel}","templated":true}]}}