{"id":19514,"date":"2025-05-26T13:47:13","date_gmt":"2025-05-26T10:47:13","guid":{"rendered":"https:\/\/www.trefinland.fi\/?page_id=19514"},"modified":"2026-03-03T18:16:22","modified_gmt":"2026-03-03T16:16:22","slug":"tre-ohjaajakoulutus-9-9-2025-4-2-2026-helsinki","status":"publish","type":"page","link":"https:\/\/www.trefinland.fi\/?page_id=19514","title":{"rendered":"TRE\u00ae-ohjaajakoulutus 9.9.2025-4.2.2026 Helsinki"},"content":{"rendered":"<h1>Lis\u00e4tiedot ja ilmoittautuminen <a href=\"https:\/\/kiskoteka.com\/event\/tre-ohjaajakoulutus-9-9-2025-15-10-2025-helsinki\/\">T\u00c4\u00c4LL\u00c4<\/a><\/h1>\n","protected":false},"excerpt":{"rendered":"<p>Lis\u00e4tiedot ja ilmoittautuminen T\u00c4\u00c4LL\u00c4<\/p>\n","protected":false},"author":1,"featured_media":0,"parent":15887,"menu_order":0,"comment_status":"closed","ping_status":"closed","template":"","meta":{"footnotes":""},"class_list":["post-19514","page","type-page","status-publish","hentry"],"_links":{"self":[{"href":"https:\/\/www.trefinland.fi\/index.php?rest_route=\/wp\/v2\/pages\/19514","targetHints":{"allow":["GET"]}}],"collection":[{"href":"https:\/\/www.trefinland.fi\/index.php?rest_route=\/wp\/v2\/pages"}],"about":[{"href":"https:\/\/www.trefinland.fi\/index.php?rest_route=\/wp\/v2\/types\/page"}],"author":[{"embeddable":true,"href":"https:\/\/www.trefinland.fi\/index.php?rest_route=\/wp\/v2\/users\/1"}],"replies":[{"embeddable":true,"href":"https:\/\/www.trefinland.fi\/index.php?rest_route=%2Fwp%2Fv2%2Fcomments&post=19514"}],"version-history":[{"count":1,"href":"https:\/\/www.trefinland.fi\/index.php?rest_route=\/wp\/v2\/pages\/19514\/revisions"}],"predecessor-version":[{"id":19515,"href":"https:\/\/www.trefinland.fi\/index.php?rest_route=\/wp\/v2\/pages\/19514\/revisions\/19515"}],"up":[{"embeddable":true,"href":"https:\/\/www.trefinland.fi\/index.php?rest_route=\/wp\/v2\/pages\/15887"}],"wp:attachment":[{"href":"https:\/\/www.trefinland.fi\/index.php?rest_route=%2Fwp%2Fv2%2Fmedia&parent=19514"}],"curies":[{"name":"wp","href":"https:\/\/api.w.org\/{rel}","templated":true}]}}