{"id":19349,"date":"2024-07-11T09:36:05","date_gmt":"2024-07-11T06:36:05","guid":{"rendered":"https:\/\/www.trefinland.fi\/?page_id=19349"},"modified":"2026-02-11T15:37:33","modified_gmt":"2026-02-11T13:37:33","slug":"kehon-kieli-ja-mieli-matka-syvempaan-itsetuntemukseen-hahmoterapiaryhma-28-8-18-12-2024-helsinki","status":"publish","type":"page","link":"https:\/\/www.trefinland.fi\/?page_id=19349","title":{"rendered":"Hahmoterapiaryhm\u00e4 1.4.-10.6.2026 Helsinki"},"content":{"rendered":"<h1 class=\"tribe-events-single-event-title\">Hahmoterapiaryhm\u00e4 <em>itsen, toisten ja el\u00e4m\u00e4n kohtaamisesta<\/em><\/h1>\n<p>Suosittu joka toisen keskiviikko-illan Hahmoterapiaryhm\u00e4 tarjoaa sinulle mahdollisuuden tutkia omaa el\u00e4m\u00e4\u00e4si yhdess\u00e4 muiden kanssa. K\u00e4yt\u00e4mme hahmoterapian menetelmi\u00e4 ja ty\u00f6kaluja lis\u00e4t\u00e4ksemme tietoisuutta omista valinnoistamme nykyhetkess\u00e4. Ryhm\u00e4 tarjoaa toisten ryhm\u00e4n j\u00e4senten tuen, turvallisemman tilan kasvulle, avoimelle keskustelulle ja jakamiselle.<\/p>\n<p>&nbsp;<\/p>\n<p>Sopii hyvin TRE:n jatkoksi.<\/p>\n<p>&nbsp;<\/p>\n<p><a href=\"https:\/\/kiskoteka.com\/event\/5169\/\">KATSO LIS\u00c4\u00c4 JA ILMOITTAUDU<\/a><\/p>\n","protected":false},"excerpt":{"rendered":"<p>Hahmoterapiaryhm\u00e4 itsen, toisten ja el\u00e4m\u00e4n kohtaamisesta Suosittu joka toisen keskiviikko-illan Hahmoterapiaryhm\u00e4 tarjoaa sinulle mahdollisuuden tutkia omaa el\u00e4m\u00e4\u00e4si yhdess\u00e4 muiden kanssa. K\u00e4yt\u00e4mme hahmoterapian menetelmi\u00e4 ja ty\u00f6kaluja lis\u00e4t\u00e4ksemme tietoisuutta omista valinnoistamme nykyhetkess\u00e4. Ryhm\u00e4 tarjoaa toisten ryhm\u00e4n j\u00e4senten tuen, turvallisemman tilan kasvulle, avoimelle keskustelulle ja jakamiselle. &nbsp; Sopii&#8230;<\/p>\n","protected":false},"author":1,"featured_media":0,"parent":15593,"menu_order":0,"comment_status":"closed","ping_status":"closed","template":"","meta":{"footnotes":""},"class_list":["post-19349","page","type-page","status-publish","hentry"],"_links":{"self":[{"href":"https:\/\/www.trefinland.fi\/index.php?rest_route=\/wp\/v2\/pages\/19349","targetHints":{"allow":["GET"]}}],"collection":[{"href":"https:\/\/www.trefinland.fi\/index.php?rest_route=\/wp\/v2\/pages"}],"about":[{"href":"https:\/\/www.trefinland.fi\/index.php?rest_route=\/wp\/v2\/types\/page"}],"author":[{"embeddable":true,"href":"https:\/\/www.trefinland.fi\/index.php?rest_route=\/wp\/v2\/users\/1"}],"replies":[{"embeddable":true,"href":"https:\/\/www.trefinland.fi\/index.php?rest_route=%2Fwp%2Fv2%2Fcomments&post=19349"}],"version-history":[{"count":4,"href":"https:\/\/www.trefinland.fi\/index.php?rest_route=\/wp\/v2\/pages\/19349\/revisions"}],"predecessor-version":[{"id":19609,"href":"https:\/\/www.trefinland.fi\/index.php?rest_route=\/wp\/v2\/pages\/19349\/revisions\/19609"}],"up":[{"embeddable":true,"href":"https:\/\/www.trefinland.fi\/index.php?rest_route=\/wp\/v2\/pages\/15593"}],"wp:attachment":[{"href":"https:\/\/www.trefinland.fi\/index.php?rest_route=%2Fwp%2Fv2%2Fmedia&parent=19349"}],"curies":[{"name":"wp","href":"https:\/\/api.w.org\/{rel}","templated":true}]}}