{"id":18312,"date":"2020-03-27T14:23:09","date_gmt":"2020-03-27T12:23:09","guid":{"rendered":"http:\/\/www.trefinland.fi\/?page_id=18312"},"modified":"2020-04-17T14:00:14","modified_gmt":"2020-04-17T11:00:14","slug":"tre-ja-verkkokurssit","status":"publish","type":"page","link":"https:\/\/www.trefinland.fi\/?page_id=18312","title":{"rendered":"TRE ja verkkokurssit"},"content":{"rendered":"<h2><strong>Kuinka osallistut verkkokurssille <\/strong><\/h2>\n<p><strong>\u00a0<\/strong><\/p>\n<p>Onhan tietokoneessasi tai tabletissasi toimiva mikrofoni ja kamera? Hyv\u00e4! Mahdollisimman vakaa verkkoyhteys on my\u00f6s hy\u00f6dyksi.<\/p>\n<p>&nbsp;<\/p>\n<p>Valmistaudu kurssille lataamalla koneellesi Zoom (ohje alla).<\/p>\n<p>&nbsp;<\/p>\n<p>Valmistele my\u00f6s sopiva, rauhallinen tila:<\/p>\n<p>&#8211; Tarvitset sein\u00e4pinta-alaa, jota vasten nojata,<\/p>\n<p>&#8211; Lattialle joogamaton, pienen tyynyn ja viltin,<\/p>\n<p>&#8211; Yllesi mukavat vaatteet,<\/p>\n<p>&#8211; L\u00e4helle vesipullon.<\/p>\n<p>&nbsp;<\/p>\n<p>Koneen kameran on hyv\u00e4 olla jumppa-alustaltasi n. 1,5\u20132 metrin et\u00e4isyydell\u00e4 eli siten, ett\u00e4 n\u00e4yt kuvaruudussa kokonaan, hieman yl\u00e4viistosta kuvattuna koneen ei tarvitse olla niin kaukana (voit nostaa esimerkiksi p\u00f6yd\u00e4n p\u00e4\u00e4lle tuolin, jolle asetat l\u00e4pp\u00e4rin)<\/p>\n<p>&nbsp;<\/p>\n<p>Tilan tulisi my\u00f6s olla riitt\u00e4v\u00e4n valoisa, jotta vuorovaikutus s\u00e4ilyy.<\/p>\n<p>&nbsp;<\/p>\n<p>Kirjaudu Zoomiin hyviss\u00e4 ajoin ennen kurssin alkua; ohjaaja on paikalla yleens\u00e4 10 minuuttia ennen aloitusta, joten kaikki ehtiv\u00e4t saada kamerat ja \u00e4\u00e4net toimimaan.<\/p>\n<p><strong>\u00a0<\/strong><\/p>\n<p><strong>Muista sammuttaa ennen kurssin alkua k\u00e4nnyk\u00e4st\u00e4 ja tietokoneesta s\u00e4hk\u00f6posti- ja muut viesti-ilmoitukset!<\/strong><\/p>\n<p><strong>\u00a0<\/strong><\/p>\n<p><strong>\u00a0<\/strong><\/p>\n<p><strong>\u00a0<\/strong><\/p>\n<h2><strong>Kuinka k\u00e4yt\u00e4t Zoomia<\/strong><\/h2>\n<p>&nbsp;<\/p>\n<ul>\n<li>Voit asentaa Zoomin t\u00e4\u00e4lt\u00e4: <a href=\"https:\/\/zoom.us\/download#client_4meeting\">https:\/\/zoom.us\/download#client_4meeting\u00a0<\/a><strong>T\u00e4m\u00e4 kannattaa tietenkin tehd\u00e4 etuk\u00e4teen!<\/strong><\/li>\n<li>Tietoturvan vuoksi emme suosittele kirjautumista Facebookin kautta.<\/li>\n<li>L\u00e4het\u00e4mme sinulle linkin tapaamiseen, linkin mukana on my\u00f6s salasana, jonka tarvitset.<\/li>\n<li>Jos sinulla on Zoom jo asennettuna, linkki avaa sinulle kokouksen ponnahdusikkunaan.<\/li>\n<li>T\u00e4m\u00e4n j\u00e4lkeen sinula pyydet\u00e4\u00e4n nimimerkki \u2013 sitten olet valmis liittym\u00e4\u00e4n kokoukseen! Anna Zoomille lupa k\u00e4ytt\u00e4\u00e4 mikrofonia ja kameraa.<\/li>\n<li>Liittyess\u00e4si kokoukseen joudut todenn\u00e4k\u00f6isesti laittamaan \u00e4\u00e4net p\u00e4\u00e4lle kokoukseen, se onnistuu ruudun vasemmasta alareunasta mikrofoni-ikonista.<\/li>\n<li>Varaudu kurssin alkuun hyviss\u00e4 ajoin, kokousikkuna avataan 10 minuuttia ennen kurssin alkua, jolloin voit kirjautua sis\u00e4\u00e4n.<\/li>\n<li>Jos yhteys katkeaa, sovellus hakee automaattisesti uudelleen mukaan, sinun ei tarvitse kirjautua uudelleen.<\/li>\n<\/ul>\n<p>&nbsp;<\/p>\n<p>Zoomia on viime aikoina arvosteltu tietoturvan puutteista, mutta se on kehitt\u00e4nyt tietoturvaansa isoin harppauksin. T\u00e4ll\u00e4 hetkell\u00e4 Zoomia k\u00e4ytet\u00e4\u00e4n mm. yliopisto-opetuksessa, joten luotamme sen turvallisuuteen.<\/p>\n<p>&nbsp;<\/p>\n<p>&nbsp;<\/p>\n<p>&nbsp;<\/p>\n<h3><strong>Millaisilla laitteilla voin k\u00e4ytt\u00e4\u00e4 Zoomia?<\/strong><\/h3>\n<p>&nbsp;<\/p>\n<p>Zoomia voi k\u00e4ytt\u00e4\u00e4 joko tietokoneella tai mobiililaitteella (\u00e4lypuhelin\/tabletti):<\/p>\n<ul>\n<li>Windows- ja Mac-tietokoneilla kannattaa k\u00e4ytt\u00e4\u00e4 Zoom-sovellusta. Sovellusta tarjotaan ladattavaksi kokousta k\u00e4ynnist\u00e4ess\u00e4 ja sen voi my\u00f6s ladata manuaalisesti osoitteesta: <a href=\"https:\/\/zoom.us\/download#client_4meeting\">https:\/\/zoom.us\/download#client_4meeting<\/a><\/li>\n<li>Mobiililaitteilla (\u00e4lypuhelimet ja tablettitietokoneet) voit osallistua Zoom-kokoukseen lataamalla laitteesi sovelluskaupasta Zoom-sovelluksen. Emme kuitenkaan suosittele mobiililaitteita ensisijaiseksi v\u00e4lineeksi kurssilla, kookkaampi ruutu on parempi.<\/li>\n<\/ul>\n<p>&nbsp;<\/p>\n<p>&nbsp;<\/p>\n<p>&nbsp;<\/p>\n<p>&nbsp;<\/p>\n","protected":false},"excerpt":{"rendered":"<p>Kuinka osallistut verkkokurssille \u00a0 Onhan tietokoneessasi tai tabletissasi toimiva mikrofoni ja kamera? Hyv\u00e4! Mahdollisimman vakaa verkkoyhteys on my\u00f6s hy\u00f6dyksi. &nbsp; Valmistaudu kurssille lataamalla koneellesi Zoom (ohje alla). &nbsp; Valmistele my\u00f6s sopiva, rauhallinen tila: &#8211; Tarvitset sein\u00e4pinta-alaa, jota vasten nojata, &#8211; Lattialle joogamaton, pienen tyynyn ja&#8230;<\/p>\n","protected":false},"author":4,"featured_media":0,"parent":0,"menu_order":0,"comment_status":"closed","ping_status":"closed","template":"","meta":{"footnotes":""},"class_list":["post-18312","page","type-page","status-publish","hentry"],"_links":{"self":[{"href":"https:\/\/www.trefinland.fi\/index.php?rest_route=\/wp\/v2\/pages\/18312","targetHints":{"allow":["GET"]}}],"collection":[{"href":"https:\/\/www.trefinland.fi\/index.php?rest_route=\/wp\/v2\/pages"}],"about":[{"href":"https:\/\/www.trefinland.fi\/index.php?rest_route=\/wp\/v2\/types\/page"}],"author":[{"embeddable":true,"href":"https:\/\/www.trefinland.fi\/index.php?rest_route=\/wp\/v2\/users\/4"}],"replies":[{"embeddable":true,"href":"https:\/\/www.trefinland.fi\/index.php?rest_route=%2Fwp%2Fv2%2Fcomments&post=18312"}],"version-history":[{"count":6,"href":"https:\/\/www.trefinland.fi\/index.php?rest_route=\/wp\/v2\/pages\/18312\/revisions"}],"predecessor-version":[{"id":18334,"href":"https:\/\/www.trefinland.fi\/index.php?rest_route=\/wp\/v2\/pages\/18312\/revisions\/18334"}],"wp:attachment":[{"href":"https:\/\/www.trefinland.fi\/index.php?rest_route=%2Fwp%2Fv2%2Fmedia&parent=18312"}],"curies":[{"name":"wp","href":"https:\/\/api.w.org\/{rel}","templated":true}]}}